{"id":7776,"date":"2022-06-23T14:16:18","date_gmt":"2022-06-23T18:16:18","guid":{"rendered":"https:\/\/amb.207.mytemp.website\/achievements\/toitures-residentielles\/"},"modified":"2023-06-20T12:38:02","modified_gmt":"2023-06-20T16:38:02","slug":"residential-roofing","status":"publish","type":"page","link":"https:\/\/toitureunion.com\/en\/our-achievements\/residential-roofing\/","title":{"rendered":"Residential roofing"},"content":{"rendered":"\t\t<div data-elementor-type=\"wp-page\" data-elementor-id=\"7776\" class=\"elementor elementor-7776 elementor-5955\" data-elementor-post-type=\"page\">\n\t\t\t\t\t\t<div class=\"ob-is-breaking-bad  elementor-section  lazy-background elementor-top-section elementor-element elementor-element-6e9e67b elementor-section-full_width elementor-section-height-min-height elementor-section-items-top elementor-section-height-default\" data-id=\"6e9e67b\" data-element_type=\"section\" data-e-type=\"section\" data-settings=\"{&quot;_ob_bbad_use_it&quot;:&quot;yes&quot;,&quot;_ob_bbad_sssic_use&quot;:&quot;no&quot;,&quot;_ob_glider_is_slider&quot;:&quot;no&quot;}\">\n\t\t\t\t\t\t<div class=\"elementor-container elementor-column-gap-no\">\n\t\t\t\t\t<div class=\"elementor-column elementor-col-100 elementor-top-column elementor-element elementor-element-4055e67\" data-id=\"4055e67\" data-element_type=\"column\" data-e-type=\"column\" data-settings=\"{&quot;_ob_bbad_is_stalker&quot;:&quot;no&quot;,&quot;_ob_teleporter_use&quot;:false,&quot;_ob_column_hoveranimator&quot;:&quot;no&quot;,&quot;_ob_column_has_pseudo&quot;:&quot;no&quot;}\">\n\t\t\t<div class=\"elementor-widget-wrap elementor-element-populated\">\n\t\t\t\t\t\t<div class=\"elementor-element elementor-element-da324fe ob-has-background-overlay elementor-widget elementor-widget-rt-title\" data-id=\"da324fe\" data-element_type=\"widget\" data-e-type=\"widget\" data-settings=\"{&quot;_ob_perspektive_use&quot;:&quot;no&quot;,&quot;_ob_poopart_use&quot;:&quot;yes&quot;,&quot;_ob_shadough_use&quot;:&quot;no&quot;,&quot;_ob_allow_hoveranimator&quot;:&quot;no&quot;,&quot;_ob_widget_stalker_use&quot;:&quot;no&quot;}\" data-widget_type=\"rt-title.default\">\n\t\t\t\t<div class=\"elementor-widget-container\">\n\t\t\t\t\t<div class=\"heading-default-layout heading-layout1\">\t\t\t\r\n\t\t<h2 class=\"item-title\"> Our residential roofing projects <\/h2>\r\n\t\t<\/div>\r\n\t\t\t\t<\/div>\n\t\t\t\t<\/div>\n\t\t\t\t<div class=\"elementor-element elementor-element-83961fb ob-harakiri-inherit ob-has-background-overlay elementor-widget elementor-widget-text-editor\" data-id=\"83961fb\" data-element_type=\"widget\" data-e-type=\"widget\" data-settings=\"{&quot;_ob_use_harakiri&quot;:&quot;yes&quot;,&quot;_ob_harakiri_writing_mode&quot;:&quot;inherit&quot;,&quot;_ob_postman_use&quot;:&quot;no&quot;,&quot;_ob_perspektive_use&quot;:&quot;no&quot;,&quot;_ob_poopart_use&quot;:&quot;yes&quot;,&quot;_ob_shadough_use&quot;:&quot;no&quot;,&quot;_ob_allow_hoveranimator&quot;:&quot;no&quot;,&quot;_ob_widget_stalker_use&quot;:&quot;no&quot;}\" data-widget_type=\"text-editor.default\">\n\t\t\t\t<div class=\"elementor-widget-container\">\n\t\t\t\t\t\t\t\t\t<p style=\"text-align: center;\">Browse through the residential projects handled by our roofing specialists.<br \/>The scope and quality of our work have built our excellent reputation with our customers.<\/p>\t\t\t\t\t\t\t\t<\/div>\n\t\t\t\t<\/div>\n\t\t\t\t<div class=\"elementor-element elementor-element-8451843 ob-has-background-overlay elementor-widget elementor-widget-rt-project-isotope\" data-id=\"8451843\" data-element_type=\"widget\" data-e-type=\"widget\" data-settings=\"{&quot;_ob_perspektive_use&quot;:&quot;no&quot;,&quot;_ob_poopart_use&quot;:&quot;yes&quot;,&quot;_ob_shadough_use&quot;:&quot;no&quot;,&quot;_ob_allow_hoveranimator&quot;:&quot;no&quot;,&quot;_ob_widget_stalker_use&quot;:&quot;no&quot;}\" data-widget_type=\"rt-project-isotope.default\">\n\t\t\t\t<div class=\"elementor-widget-container\">\n\t\t\t\t\t<div class=\"rt-el-projects-1 projects-isotope-masonry rt-isotope-wrapper\">\r\n\t\r\n\t\t\t<div class=\"rt-isotope-tab-wrp\"> \r\n\t\t\t<div class=\"rt-isotope-tab isotope-classes-tab isotop-btn \"> \r\n\t\t\t\t<a href=\"#\" data-filter=\"*\" class=\"current\">All Projects<\/a>\r\n\t\t\t\t\t\t\t\t\t\t\t\t\t\t<a href=\"#\" data-filter=\".177779897524-asphalt-shingles-en\">Asphalt shingles<\/a>\r\n\t\t\t\t\t\t\t\t\t\t\t\t\t\t<a href=\"#\" data-filter=\".177779897524-pitched-roof\">Pitched roof<\/a>\r\n\t\t\t\t\t\t\t\t\t\t\t\t\t\t<a href=\"#\" data-filter=\".177779897524-residential\">Residential<\/a>\r\n\t\t\t\t\t\t\t\t\t\t\t\t\t\t<a href=\"#\" data-filter=\".177779897524-elastomeric-membrane\">Elastomeric membrane<\/a>\r\n\t\t\t\t\t\t\t\t\t\t\t\t\t\t<a href=\"#\" data-filter=\".177779897524-flat-roof\">Flat roof<\/a>\r\n\t\t\t\t\t\t\t<\/div>\r\n\t\t<\/div>\r\n\t\r\n\t<div class=\"row gutters-2 rt-isotope-content\">\t\r\n\t\t\t\t\t\t\r\n\t\t\t<div class=\"col-lg-3 col-md-6 col-12 177779897524-asphalt-shingles-en 177779897524-pitched-roof 177779897524-residential \">\r\n\t\t\t\t<div class=\"project-box-layout6\">\t\t\t\t\t\t\r\n\t\t\t\t\t <div class=\"item-excerpt\">\t\t\t\t\t\t\t\t\t\r\n\t\t\t\t\t\t <div class=\"item-heading\">\t\r\n\t\t\t\t\t\t\t\t\r\n\t\t\t\t\t\t\t\t<div class=\"item-tag item-subtitle\">   \r\n        <a href=\"https:\/\/toitureunion.com\/en\/achievement-category\/asphalt-shingles-en\/\">Asphalt shingles<\/a> \r\n       <span>,<\/span>\r\n       \r\n        <a href=\"https:\/\/toitureunion.com\/en\/achievement-category\/pitched-roof\/\">Pitched roof<\/a> \r\n       <span>,<\/span>\r\n       \r\n        <a href=\"https:\/\/toitureunion.com\/en\/achievement-category\/residential\/\">Residential<\/a> \r\n       <span><\/span>\r\n    <\/div>\r\n\t\t\t\t\t\t\t\t\t\t\t\t\t\t\t\t\t\t\t\t\t\t<h3 class=\"item-title\">\r\n\t\t\t\t\t\t\t\t\t<a href=\"https:\/\/toitureunion.com\/en\/realisation\/residential-roofing-3\/\">\r\n\t\t\t\t\t\t\t\t\t\tResidential roofing\t\t\t\t\t\t\t\t\t\t\t\r\n\t\t\t\t\t\t\t\t\t<\/a>\r\n\t\t\t\t\t\t\t\t<\/h3>\t\t\t \r\n\t\t\t\t\t\t\t\t\t\t\t\t\t\t\t\t\t\t\t\t\t\t<p class=\"project-excerpt\">Installation of asphalt shingles on a pitched residential roof<\/p>\r\n\t\t\t\t\t\t\t\t\r\n\t\t\t\t\t\t\t\t\t\t\t\t\t\t   <a href=\"https:\/\/toitureunion.com\/en\/realisation\/residential-roofing-3\/\" class=\"rt-button-sp\">\r\n\t\t\t\t\t\t\t   \t<span>En voir plus<\/span>\r\n\t\t\t\t\t\t\t   <\/a>\t\r\n\t\t\t\t\t\t\t\t\r\n\t\t\t      \t\t<\/div>\r\n\t\t\t\t\t<\/div>\r\n\t\t\t\t  \t<div class=\"item-img\">\r\n\t\t\t\t\t  \t<img fetchpriority=\"high\" decoding=\"async\" width=\"475\" height=\"460\" src=\"https:\/\/toitureunion.com\/wp-content\/uploads\/2022\/07\/DJI_0184-475x460.jpg\" class=\"img-3 wp-post-image\" alt=\"\" srcset=\"https:\/\/toitureunion.com\/wp-content\/uploads\/2022\/07\/DJI_0184-475x460.jpg 475w, https:\/\/toitureunion.com\/wp-content\/uploads\/2022\/07\/DJI_0184-230x224.jpg 230w\" sizes=\"(max-width: 475px) 100vw, 475px\" \/>\t\t\t\t\t  \t\t\t\t\t\t<\/div>\r\n\t\t\t\t\t  <div class=\"item-content\">\r\n\t\t\t\t\t      <div class=\"item-heading\">\t\r\n\t\t\t\t\t\t\t\t\r\n\t\t\t\t\t\t\t\t<div class=\"item-tag item-subtitle\">   \r\n        <a href=\"https:\/\/toitureunion.com\/en\/achievement-category\/asphalt-shingles-en\/\">Asphalt shingles<\/a> \r\n       <span>,<\/span>\r\n       \r\n        <a href=\"https:\/\/toitureunion.com\/en\/achievement-category\/pitched-roof\/\">Pitched roof<\/a> \r\n       <span>,<\/span>\r\n       \r\n        <a href=\"https:\/\/toitureunion.com\/en\/achievement-category\/residential\/\">Residential<\/a> \r\n       <span><\/span>\r\n    <\/div>\r\n\t\t\t\t\t\t\t\t\r\n\t\t\t\t\t\t\t\t\t\t\t\t\t\t\t\t\t<h3 class=\"item-title\"><a href=\"https:\/\/toitureunion.com\/en\/realisation\/residential-roofing-3\/\">Residential roofing<\/a><\/h3>\t\t\t \r\n\t\t\t\t\t\t\t\t\t\t\t\t\t\t\t\t\t\t \t\r\n\t\t\t\t      \t\t<\/div>\t\t\t\t\t      \t\t\r\n\t\t\t\t\t  <\/div>\r\n\t\t\t\t\t<\/div>   \r\n\t\t\t\t<\/div>\r\n\t\t\t\t\t\t\t\r\n\t\t\t<div class=\"col-lg-3 col-md-6 col-12 177779897524-asphalt-shingles-en 177779897524-pitched-roof 177779897524-residential \">\r\n\t\t\t\t<div class=\"project-box-layout6\">\t\t\t\t\t\t\r\n\t\t\t\t\t <div class=\"item-excerpt\">\t\t\t\t\t\t\t\t\t\r\n\t\t\t\t\t\t <div class=\"item-heading\">\t\r\n\t\t\t\t\t\t\t\t\r\n\t\t\t\t\t\t\t\t<div class=\"item-tag item-subtitle\">   \r\n        <a href=\"https:\/\/toitureunion.com\/en\/achievement-category\/asphalt-shingles-en\/\">Asphalt shingles<\/a> \r\n       <span>,<\/span>\r\n       \r\n        <a href=\"https:\/\/toitureunion.com\/en\/achievement-category\/pitched-roof\/\">Pitched roof<\/a> \r\n       <span>,<\/span>\r\n       \r\n        <a href=\"https:\/\/toitureunion.com\/en\/achievement-category\/residential\/\">Residential<\/a> \r\n       <span><\/span>\r\n    <\/div>\r\n\t\t\t\t\t\t\t\t\t\t\t\t\t\t\t\t\t\t\t\t\t\t<h3 class=\"item-title\">\r\n\t\t\t\t\t\t\t\t\t<a href=\"https:\/\/toitureunion.com\/en\/realisation\/residential-roofing-4\/\">\r\n\t\t\t\t\t\t\t\t\t\tResidential roofing\t\t\t\t\t\t\t\t\t\t\t\r\n\t\t\t\t\t\t\t\t\t<\/a>\r\n\t\t\t\t\t\t\t\t<\/h3>\t\t\t \r\n\t\t\t\t\t\t\t\t\t\t\t\t\t\t\t\t\t\t\t\t\t\t<p class=\"project-excerpt\">Installation of shingles on a pitched roof<\/p>\r\n\t\t\t\t\t\t\t\t\r\n\t\t\t\t\t\t\t\t\t\t\t\t\t\t   <a href=\"https:\/\/toitureunion.com\/en\/realisation\/residential-roofing-4\/\" class=\"rt-button-sp\">\r\n\t\t\t\t\t\t\t   \t<span>En voir plus<\/span>\r\n\t\t\t\t\t\t\t   <\/a>\t\r\n\t\t\t\t\t\t\t\t\r\n\t\t\t      \t\t<\/div>\r\n\t\t\t\t\t<\/div>\r\n\t\t\t\t  \t<div class=\"item-img\">\r\n\t\t\t\t\t  \t<img decoding=\"async\" width=\"475\" height=\"460\" src=\"https:\/\/toitureunion.com\/wp-content\/uploads\/2022\/06\/DJI_0129-475x460.jpg\" class=\"img-3 wp-post-image\" alt=\"Toiture r\u00e9sidentielle\" srcset=\"https:\/\/toitureunion.com\/wp-content\/uploads\/2022\/06\/DJI_0129-475x460.jpg 475w, https:\/\/toitureunion.com\/wp-content\/uploads\/2022\/06\/DJI_0129-230x224.jpg 230w\" sizes=\"(max-width: 475px) 100vw, 475px\" \/>\t\t\t\t\t  \t\t\t\t\t\t<\/div>\r\n\t\t\t\t\t  <div class=\"item-content\">\r\n\t\t\t\t\t      <div class=\"item-heading\">\t\r\n\t\t\t\t\t\t\t\t\r\n\t\t\t\t\t\t\t\t<div class=\"item-tag item-subtitle\">   \r\n        <a href=\"https:\/\/toitureunion.com\/en\/achievement-category\/asphalt-shingles-en\/\">Asphalt shingles<\/a> \r\n       <span>,<\/span>\r\n       \r\n        <a href=\"https:\/\/toitureunion.com\/en\/achievement-category\/pitched-roof\/\">Pitched roof<\/a> \r\n       <span>,<\/span>\r\n       \r\n        <a href=\"https:\/\/toitureunion.com\/en\/achievement-category\/residential\/\">Residential<\/a> \r\n       <span><\/span>\r\n    <\/div>\r\n\t\t\t\t\t\t\t\t\r\n\t\t\t\t\t\t\t\t\t\t\t\t\t\t\t\t\t<h3 class=\"item-title\"><a href=\"https:\/\/toitureunion.com\/en\/realisation\/residential-roofing-4\/\">Residential roofing<\/a><\/h3>\t\t\t \r\n\t\t\t\t\t\t\t\t\t\t\t\t\t\t\t\t\t\t \t\r\n\t\t\t\t      \t\t<\/div>\t\t\t\t\t      \t\t\r\n\t\t\t\t\t  <\/div>\r\n\t\t\t\t\t<\/div>   \r\n\t\t\t\t<\/div>\r\n\t\t\t\t\t\t\t\r\n\t\t\t<div class=\"col-lg-3 col-md-6 col-12 177779897524-asphalt-shingles-en 177779897524-pitched-roof 177779897524-residential \">\r\n\t\t\t\t<div class=\"project-box-layout6\">\t\t\t\t\t\t\r\n\t\t\t\t\t <div class=\"item-excerpt\">\t\t\t\t\t\t\t\t\t\r\n\t\t\t\t\t\t <div class=\"item-heading\">\t\r\n\t\t\t\t\t\t\t\t\r\n\t\t\t\t\t\t\t\t<div class=\"item-tag item-subtitle\">   \r\n        <a href=\"https:\/\/toitureunion.com\/en\/achievement-category\/asphalt-shingles-en\/\">Asphalt shingles<\/a> \r\n       <span>,<\/span>\r\n       \r\n        <a href=\"https:\/\/toitureunion.com\/en\/achievement-category\/pitched-roof\/\">Pitched roof<\/a> \r\n       <span>,<\/span>\r\n       \r\n        <a href=\"https:\/\/toitureunion.com\/en\/achievement-category\/residential\/\">Residential<\/a> \r\n       <span><\/span>\r\n    <\/div>\r\n\t\t\t\t\t\t\t\t\t\t\t\t\t\t\t\t\t\t\t\t\t\t<h3 class=\"item-title\">\r\n\t\t\t\t\t\t\t\t\t<a href=\"https:\/\/toitureunion.com\/en\/realisation\/residential-roofing-2\/\">\r\n\t\t\t\t\t\t\t\t\t\tResidential roofing\t\t\t\t\t\t\t\t\t\t\t\r\n\t\t\t\t\t\t\t\t\t<\/a>\r\n\t\t\t\t\t\t\t\t<\/h3>\t\t\t \r\n\t\t\t\t\t\t\t\t\t\t\t\t\t\t\t\t\t\t\t\t\t\t<p class=\"project-excerpt\">Installation of shingles on a pitched roof<\/p>\r\n\t\t\t\t\t\t\t\t\r\n\t\t\t\t\t\t\t\t\t\t\t\t\t\t   <a href=\"https:\/\/toitureunion.com\/en\/realisation\/residential-roofing-2\/\" class=\"rt-button-sp\">\r\n\t\t\t\t\t\t\t   \t<span>En voir plus<\/span>\r\n\t\t\t\t\t\t\t   <\/a>\t\r\n\t\t\t\t\t\t\t\t\r\n\t\t\t      \t\t<\/div>\r\n\t\t\t\t\t<\/div>\r\n\t\t\t\t  \t<div class=\"item-img\">\r\n\t\t\t\t\t  \t<img decoding=\"async\" width=\"475\" height=\"460\" src=\"https:\/\/toitureunion.com\/wp-content\/uploads\/2022\/06\/DJI_0120-2-475x460.jpg\" class=\"img-3 wp-post-image\" alt=\"Toiture r\u00e9sidentielle\" srcset=\"https:\/\/toitureunion.com\/wp-content\/uploads\/2022\/06\/DJI_0120-2-475x460.jpg 475w, https:\/\/toitureunion.com\/wp-content\/uploads\/2022\/06\/DJI_0120-2-230x224.jpg 230w\" sizes=\"(max-width: 475px) 100vw, 475px\" \/>\t\t\t\t\t  \t\t\t\t\t\t<\/div>\r\n\t\t\t\t\t  <div class=\"item-content\">\r\n\t\t\t\t\t      <div class=\"item-heading\">\t\r\n\t\t\t\t\t\t\t\t\r\n\t\t\t\t\t\t\t\t<div class=\"item-tag item-subtitle\">   \r\n        <a href=\"https:\/\/toitureunion.com\/en\/achievement-category\/asphalt-shingles-en\/\">Asphalt shingles<\/a> \r\n       <span>,<\/span>\r\n       \r\n        <a href=\"https:\/\/toitureunion.com\/en\/achievement-category\/pitched-roof\/\">Pitched roof<\/a> \r\n       <span>,<\/span>\r\n       \r\n        <a href=\"https:\/\/toitureunion.com\/en\/achievement-category\/residential\/\">Residential<\/a> \r\n       <span><\/span>\r\n    <\/div>\r\n\t\t\t\t\t\t\t\t\r\n\t\t\t\t\t\t\t\t\t\t\t\t\t\t\t\t\t<h3 class=\"item-title\"><a href=\"https:\/\/toitureunion.com\/en\/realisation\/residential-roofing-2\/\">Residential roofing<\/a><\/h3>\t\t\t \r\n\t\t\t\t\t\t\t\t\t\t\t\t\t\t\t\t\t\t \t\r\n\t\t\t\t      \t\t<\/div>\t\t\t\t\t      \t\t\r\n\t\t\t\t\t  <\/div>\r\n\t\t\t\t\t<\/div>   \r\n\t\t\t\t<\/div>\r\n\t\t\t\t\t\t\t\r\n\t\t\t<div class=\"col-lg-3 col-md-6 col-12 177779897524-elastomeric-membrane 177779897524-flat-roof 177779897524-residential \">\r\n\t\t\t\t<div class=\"project-box-layout6\">\t\t\t\t\t\t\r\n\t\t\t\t\t <div class=\"item-excerpt\">\t\t\t\t\t\t\t\t\t\r\n\t\t\t\t\t\t <div class=\"item-heading\">\t\r\n\t\t\t\t\t\t\t\t\r\n\t\t\t\t\t\t\t\t<div class=\"item-tag item-subtitle\">   \r\n        <a href=\"https:\/\/toitureunion.com\/en\/achievement-category\/elastomeric-membrane\/\">Elastomeric membrane<\/a> \r\n       <span>,<\/span>\r\n       \r\n        <a href=\"https:\/\/toitureunion.com\/en\/achievement-category\/flat-roof\/\">Flat roof<\/a> \r\n       <span>,<\/span>\r\n       \r\n        <a href=\"https:\/\/toitureunion.com\/en\/achievement-category\/residential\/\">Residential<\/a> \r\n       <span><\/span>\r\n    <\/div>\r\n\t\t\t\t\t\t\t\t\t\t\t\t\t\t\t\t\t\t\t\t\t\t<h3 class=\"item-title\">\r\n\t\t\t\t\t\t\t\t\t<a href=\"https:\/\/toitureunion.com\/en\/realisation\/residential-roofing\/\">\r\n\t\t\t\t\t\t\t\t\t\tResidential roofing\t\t\t\t\t\t\t\t\t\t\t\r\n\t\t\t\t\t\t\t\t\t<\/a>\r\n\t\t\t\t\t\t\t\t<\/h3>\t\t\t \r\n\t\t\t\t\t\t\t\t\t\t\t\t\t\t\t\t\t\t\t\t\t\t<p class=\"project-excerpt\">Installation of an elastomeric membrane on a residential flat roof<\/p>\r\n\t\t\t\t\t\t\t\t\r\n\t\t\t\t\t\t\t\t\t\t\t\t\t\t   <a href=\"https:\/\/toitureunion.com\/en\/realisation\/residential-roofing\/\" class=\"rt-button-sp\">\r\n\t\t\t\t\t\t\t   \t<span>En voir plus<\/span>\r\n\t\t\t\t\t\t\t   <\/a>\t\r\n\t\t\t\t\t\t\t\t\r\n\t\t\t      \t\t<\/div>\r\n\t\t\t\t\t<\/div>\r\n\t\t\t\t  \t<div class=\"item-img\">\r\n\t\t\t\t\t  \t<img loading=\"lazy\" decoding=\"async\" width=\"475\" height=\"460\" src=\"https:\/\/toitureunion.com\/wp-content\/uploads\/2022\/06\/DJI_0069-475x460.jpg\" class=\"img-3 wp-post-image\" alt=\"Installation of an elastomeric membrane on a residential flat roof\" srcset=\"https:\/\/toitureunion.com\/wp-content\/uploads\/2022\/06\/DJI_0069-475x460.jpg 475w, https:\/\/toitureunion.com\/wp-content\/uploads\/2022\/06\/DJI_0069-230x224.jpg 230w\" sizes=\"(max-width: 475px) 100vw, 475px\" \/>\t\t\t\t\t  \t\t\t\t\t\t<\/div>\r\n\t\t\t\t\t  <div class=\"item-content\">\r\n\t\t\t\t\t      <div class=\"item-heading\">\t\r\n\t\t\t\t\t\t\t\t\r\n\t\t\t\t\t\t\t\t<div class=\"item-tag item-subtitle\">   \r\n        <a href=\"https:\/\/toitureunion.com\/en\/achievement-category\/elastomeric-membrane\/\">Elastomeric membrane<\/a> \r\n       <span>,<\/span>\r\n       \r\n        <a href=\"https:\/\/toitureunion.com\/en\/achievement-category\/flat-roof\/\">Flat roof<\/a> \r\n       <span>,<\/span>\r\n       \r\n        <a href=\"https:\/\/toitureunion.com\/en\/achievement-category\/residential\/\">Residential<\/a> \r\n       <span><\/span>\r\n    <\/div>\r\n\t\t\t\t\t\t\t\t\r\n\t\t\t\t\t\t\t\t\t\t\t\t\t\t\t\t\t<h3 class=\"item-title\"><a href=\"https:\/\/toitureunion.com\/en\/realisation\/residential-roofing\/\">Residential roofing<\/a><\/h3>\t\t\t \r\n\t\t\t\t\t\t\t\t\t\t\t\t\t\t\t\t\t\t \t\r\n\t\t\t\t      \t\t<\/div>\t\t\t\t\t      \t\t\r\n\t\t\t\t\t  <\/div>\r\n\t\t\t\t\t<\/div>   \r\n\t\t\t\t<\/div>\r\n\t\t\t\t\t<\/div>\r\n\t<\/div>\t\t\t\t<\/div>\n\t\t\t\t<\/div>\n\t\t\t\t\t<\/div>\n\t\t<\/div>\n\t\t\t\t\t<\/div>\n\t\t<\/div>\n\t\t\t\t<\/div>\n\t\t<div style='text-align:center' class='yasr-auto-insert-overall'><\/div>","protected":false},"excerpt":{"rendered":"<p>Our residential roofing projects Browse through the residential projects handled by our roofing specialists.The scope and quality of our work have built our excellent reputation with our customers. Tous nos projets Bardeau d&#039;asphalte R\u00e9sidentiel Toit en pente Membrane \u00e9lastom\u00e8re Toit plat Bardeau d&#039;asphalte , R\u00e9sidentiel , Toit en pente Toiture r\u00e9sidentielle Installation de bardeaux sur&#8230;<\/p>\n","protected":false},"author":4,"featured_media":0,"parent":7497,"menu_order":0,"comment_status":"closed","ping_status":"closed","template":"elementor_header_footer","meta":{"yasr_overall_rating":0,"yasr_post_is_review":"","yasr_auto_insert_disabled":"","yasr_review_type":"","footnotes":""},"class_list":["post-7776","page","type-page","status-publish","hentry"],"yoast_head":"<!-- This site is optimized with the Yoast SEO plugin v27.5 - https:\/\/yoast.com\/product\/yoast-seo-wordpress\/ -->\n<title>Residential roofing - Toiture Union<\/title>\n<meta name=\"description\" content=\"Browse through the residential projects handled by our roofing specialists.The scope and quality of our work have built our excellent reputation with our customers.\" \/>\n<meta name=\"robots\" content=\"index, follow, max-snippet:-1, max-image-preview:large, max-video-preview:-1\" \/>\n<link rel=\"canonical\" href=\"https:\/\/toitureunion.com\/en\/our-achievements\/residential-roofing\/\" \/>\n<meta property=\"og:locale\" content=\"en_US\" \/>\n<meta property=\"og:type\" content=\"article\" \/>\n<meta property=\"og:title\" content=\"Residential roofing - Toiture Union\" \/>\n<meta property=\"og:description\" content=\"Browse through the residential projects handled by our roofing specialists.The scope and quality of our work have built our excellent reputation with our customers.\" \/>\n<meta property=\"og:url\" content=\"https:\/\/toitureunion.com\/en\/our-achievements\/residential-roofing\/\" \/>\n<meta property=\"og:site_name\" content=\"Toiture Union\" \/>\n<meta property=\"article:modified_time\" content=\"2023-06-20T16:38:02+00:00\" \/>\n<meta property=\"og:image\" content=\"https:\/\/toitureunion.com\/wp-content\/uploads\/2022\/07\/DJI_0184-475x460.jpg\" \/>\n<meta name=\"twitter:card\" content=\"summary_large_image\" \/>\n<meta name=\"twitter:label1\" content=\"Est. reading time\" \/>\n\t<meta name=\"twitter:data1\" content=\"2 minutes\" \/>\n<script type=\"application\/ld+json\" class=\"yoast-schema-graph\">{\"@context\":\"https:\\\/\\\/schema.org\",\"@graph\":[{\"@type\":\"WebPage\",\"@id\":\"https:\\\/\\\/toitureunion.com\\\/en\\\/our-achievements\\\/residential-roofing\\\/\",\"url\":\"https:\\\/\\\/toitureunion.com\\\/en\\\/our-achievements\\\/residential-roofing\\\/\",\"name\":\"Residential roofing - Toiture Union\",\"isPartOf\":{\"@id\":\"https:\\\/\\\/toitureunion.com\\\/en\\\/#website\"},\"primaryImageOfPage\":{\"@id\":\"https:\\\/\\\/toitureunion.com\\\/en\\\/our-achievements\\\/residential-roofing\\\/#primaryimage\"},\"image\":{\"@id\":\"https:\\\/\\\/toitureunion.com\\\/en\\\/our-achievements\\\/residential-roofing\\\/#primaryimage\"},\"thumbnailUrl\":\"https:\\\/\\\/toitureunion.com\\\/wp-content\\\/uploads\\\/2022\\\/07\\\/DJI_0184-475x460.jpg\",\"datePublished\":\"2022-06-23T18:16:18+00:00\",\"dateModified\":\"2023-06-20T16:38:02+00:00\",\"description\":\"Browse through the residential projects handled by our roofing specialists.The scope and quality of our work have built our excellent reputation with our customers.\",\"breadcrumb\":{\"@id\":\"https:\\\/\\\/toitureunion.com\\\/en\\\/our-achievements\\\/residential-roofing\\\/#breadcrumb\"},\"inLanguage\":\"en-US\",\"potentialAction\":[{\"@type\":\"ReadAction\",\"target\":[\"https:\\\/\\\/toitureunion.com\\\/en\\\/our-achievements\\\/residential-roofing\\\/\"]}]},{\"@type\":\"ImageObject\",\"inLanguage\":\"en-US\",\"@id\":\"https:\\\/\\\/toitureunion.com\\\/en\\\/our-achievements\\\/residential-roofing\\\/#primaryimage\",\"url\":\"https:\\\/\\\/toitureunion.com\\\/wp-content\\\/uploads\\\/2022\\\/07\\\/DJI_0184-475x460.jpg\",\"contentUrl\":\"https:\\\/\\\/toitureunion.com\\\/wp-content\\\/uploads\\\/2022\\\/07\\\/DJI_0184-475x460.jpg\"},{\"@type\":\"BreadcrumbList\",\"@id\":\"https:\\\/\\\/toitureunion.com\\\/en\\\/our-achievements\\\/residential-roofing\\\/#breadcrumb\",\"itemListElement\":[{\"@type\":\"ListItem\",\"position\":1,\"name\":\"Accueil\",\"item\":\"https:\\\/\\\/toitureunion.com\\\/en\\\/\"},{\"@type\":\"ListItem\",\"position\":2,\"name\":\"Our Achievements\",\"item\":\"https:\\\/\\\/toitureunion.com\\\/en\\\/nos-realisations\\\/\"},{\"@type\":\"ListItem\",\"position\":3,\"name\":\"Residential roofing\"}]},{\"@type\":\"WebSite\",\"@id\":\"https:\\\/\\\/toitureunion.com\\\/en\\\/#website\",\"url\":\"https:\\\/\\\/toitureunion.com\\\/en\\\/\",\"name\":\"Toiture Union\",\"description\":\"Toiture de membrane &eacute;lastom&egrave;re et bardeau d'asphalte\",\"potentialAction\":[{\"@type\":\"SearchAction\",\"target\":{\"@type\":\"EntryPoint\",\"urlTemplate\":\"https:\\\/\\\/toitureunion.com\\\/en\\\/?s={search_term_string}\"},\"query-input\":{\"@type\":\"PropertyValueSpecification\",\"valueRequired\":true,\"valueName\":\"search_term_string\"}}],\"inLanguage\":\"en-US\"},false]}<\/script>\n<!-- \/ Yoast SEO plugin. -->","yoast_head_json":{"title":"Residential roofing - Toiture Union","description":"Browse through the residential projects handled by our roofing specialists.The scope and quality of our work have built our excellent reputation with our customers.","robots":{"index":"index","follow":"follow","max-snippet":"max-snippet:-1","max-image-preview":"max-image-preview:large","max-video-preview":"max-video-preview:-1"},"canonical":"https:\/\/toitureunion.com\/en\/our-achievements\/residential-roofing\/","og_locale":"en_US","og_type":"article","og_title":"Residential roofing - Toiture Union","og_description":"Browse through the residential projects handled by our roofing specialists.The scope and quality of our work have built our excellent reputation with our customers.","og_url":"https:\/\/toitureunion.com\/en\/our-achievements\/residential-roofing\/","og_site_name":"Toiture Union","article_modified_time":"2023-06-20T16:38:02+00:00","og_image":[{"url":"https:\/\/toitureunion.com\/wp-content\/uploads\/2022\/07\/DJI_0184-475x460.jpg","type":"","width":"","height":""}],"twitter_card":"summary_large_image","twitter_misc":{"Est. reading time":"2 minutes"},"schema":{"@context":"https:\/\/schema.org","@graph":[{"@type":"WebPage","@id":"https:\/\/toitureunion.com\/en\/our-achievements\/residential-roofing\/","url":"https:\/\/toitureunion.com\/en\/our-achievements\/residential-roofing\/","name":"Residential roofing - Toiture Union","isPartOf":{"@id":"https:\/\/toitureunion.com\/en\/#website"},"primaryImageOfPage":{"@id":"https:\/\/toitureunion.com\/en\/our-achievements\/residential-roofing\/#primaryimage"},"image":{"@id":"https:\/\/toitureunion.com\/en\/our-achievements\/residential-roofing\/#primaryimage"},"thumbnailUrl":"https:\/\/toitureunion.com\/wp-content\/uploads\/2022\/07\/DJI_0184-475x460.jpg","datePublished":"2022-06-23T18:16:18+00:00","dateModified":"2023-06-20T16:38:02+00:00","description":"Browse through the residential projects handled by our roofing specialists.The scope and quality of our work have built our excellent reputation with our customers.","breadcrumb":{"@id":"https:\/\/toitureunion.com\/en\/our-achievements\/residential-roofing\/#breadcrumb"},"inLanguage":"en-US","potentialAction":[{"@type":"ReadAction","target":["https:\/\/toitureunion.com\/en\/our-achievements\/residential-roofing\/"]}]},{"@type":"ImageObject","inLanguage":"en-US","@id":"https:\/\/toitureunion.com\/en\/our-achievements\/residential-roofing\/#primaryimage","url":"https:\/\/toitureunion.com\/wp-content\/uploads\/2022\/07\/DJI_0184-475x460.jpg","contentUrl":"https:\/\/toitureunion.com\/wp-content\/uploads\/2022\/07\/DJI_0184-475x460.jpg"},{"@type":"BreadcrumbList","@id":"https:\/\/toitureunion.com\/en\/our-achievements\/residential-roofing\/#breadcrumb","itemListElement":[{"@type":"ListItem","position":1,"name":"Accueil","item":"https:\/\/toitureunion.com\/en\/"},{"@type":"ListItem","position":2,"name":"Our Achievements","item":"https:\/\/toitureunion.com\/en\/nos-realisations\/"},{"@type":"ListItem","position":3,"name":"Residential roofing"}]},{"@type":"WebSite","@id":"https:\/\/toitureunion.com\/en\/#website","url":"https:\/\/toitureunion.com\/en\/","name":"Toiture Union","description":"Toiture de membrane &eacute;lastom&egrave;re et bardeau d'asphalte","potentialAction":[{"@type":"SearchAction","target":{"@type":"EntryPoint","urlTemplate":"https:\/\/toitureunion.com\/en\/?s={search_term_string}"},"query-input":{"@type":"PropertyValueSpecification","valueRequired":true,"valueName":"search_term_string"}}],"inLanguage":"en-US"},false]}},"yasr_visitor_votes":{"stars_attributes":{"read_only":true,"span_bottom":"<div class='yasr-small-block-bold'><span class='yasr-visitor-votes-must-sign-in'>You must sign in to vote<\/span><\/div>"},"number_of_votes":0,"sum_votes":0},"_links":{"self":[{"href":"https:\/\/toitureunion.com\/en\/wp-json\/wp\/v2\/pages\/7776","targetHints":{"allow":["GET"]}}],"collection":[{"href":"https:\/\/toitureunion.com\/en\/wp-json\/wp\/v2\/pages"}],"about":[{"href":"https:\/\/toitureunion.com\/en\/wp-json\/wp\/v2\/types\/page"}],"author":[{"embeddable":true,"href":"https:\/\/toitureunion.com\/en\/wp-json\/wp\/v2\/users\/4"}],"replies":[{"embeddable":true,"href":"https:\/\/toitureunion.com\/en\/wp-json\/wp\/v2\/comments?post=7776"}],"version-history":[{"count":0,"href":"https:\/\/toitureunion.com\/en\/wp-json\/wp\/v2\/pages\/7776\/revisions"}],"up":[{"embeddable":true,"href":"https:\/\/toitureunion.com\/en\/wp-json\/wp\/v2\/pages\/7497"}],"wp:attachment":[{"href":"https:\/\/toitureunion.com\/en\/wp-json\/wp\/v2\/media?parent=7776"}],"curies":[{"name":"wp","href":"https:\/\/api.w.org\/{rel}","templated":true}]}}